{"id":5780,"date":"2024-04-08T22:20:06","date_gmt":"2024-04-08T20:20:06","guid":{"rendered":"https:\/\/quant-da.com\/?page_id=5780"},"modified":"2025-08-10T16:08:45","modified_gmt":"2025-08-10T14:08:45","slug":"zeitreihenanalyse","status":"publish","type":"page","link":"https:\/\/quant-da.com\/sk\/zeitreihenanalyse\/","title":{"rendered":"Anal\u00fdza \u010dasov\u00fdch radov"},"content":{"rendered":"","protected":false},"excerpt":{"rendered":"","protected":false},"author":1,"featured_media":0,"parent":0,"menu_order":0,"comment_status":"closed","ping_status":"closed","template":"","meta":{"footnotes":""},"class_list":["post-5780","page","type-page","status-publish","hentry"],"_links":{"self":[{"href":"https:\/\/quant-da.com\/sk\/wp-json\/wp\/v2\/pages\/5780","targetHints":{"allow":["GET"]}}],"collection":[{"href":"https:\/\/quant-da.com\/sk\/wp-json\/wp\/v2\/pages"}],"about":[{"href":"https:\/\/quant-da.com\/sk\/wp-json\/wp\/v2\/types\/page"}],"author":[{"embeddable":true,"href":"https:\/\/quant-da.com\/sk\/wp-json\/wp\/v2\/users\/1"}],"replies":[{"embeddable":true,"href":"https:\/\/quant-da.com\/sk\/wp-json\/wp\/v2\/comments?post=5780"}],"version-history":[{"count":0,"href":"https:\/\/quant-da.com\/sk\/wp-json\/wp\/v2\/pages\/5780\/revisions"}],"wp:attachment":[{"href":"https:\/\/quant-da.com\/sk\/wp-json\/wp\/v2\/media?parent=5780"}],"curies":[{"name":"wp","href":"https:\/\/api.w.org\/{rel}","templated":true}]}}