{"id":8467,"date":"2026-01-29T18:00:29","date_gmt":"2026-01-29T17:00:29","guid":{"rendered":"https:\/\/quant-da.com\/nas-tim\/"},"modified":"2026-01-29T18:30:01","modified_gmt":"2026-01-29T17:30:01","slug":"nas-tim","status":"publish","type":"page","link":"https:\/\/quant-da.com\/sk\/nas-tim\/","title":{"rendered":"N\u00e1\u0161 t\u00edm"},"content":{"rendered":"","protected":false},"excerpt":{"rendered":"","protected":false},"author":90,"featured_media":0,"parent":0,"menu_order":0,"comment_status":"closed","ping_status":"closed","template":"","meta":{"footnotes":""},"class_list":["post-8467","page","type-page","status-publish","hentry"],"_links":{"self":[{"href":"https:\/\/quant-da.com\/sk\/wp-json\/wp\/v2\/pages\/8467","targetHints":{"allow":["GET"]}}],"collection":[{"href":"https:\/\/quant-da.com\/sk\/wp-json\/wp\/v2\/pages"}],"about":[{"href":"https:\/\/quant-da.com\/sk\/wp-json\/wp\/v2\/types\/page"}],"author":[{"embeddable":true,"href":"https:\/\/quant-da.com\/sk\/wp-json\/wp\/v2\/users\/90"}],"replies":[{"embeddable":true,"href":"https:\/\/quant-da.com\/sk\/wp-json\/wp\/v2\/comments?post=8467"}],"version-history":[{"count":0,"href":"https:\/\/quant-da.com\/sk\/wp-json\/wp\/v2\/pages\/8467\/revisions"}],"wp:attachment":[{"href":"https:\/\/quant-da.com\/sk\/wp-json\/wp\/v2\/media?parent=8467"}],"curies":[{"name":"wp","href":"https:\/\/api.w.org\/{rel}","templated":true}]}}