{"id":8505,"date":"2018-07-26T08:31:38","date_gmt":"2018-07-26T06:31:38","guid":{"rendered":"https:\/\/quant-da.com\/moj-ucet\/"},"modified":"2026-01-30T01:20:26","modified_gmt":"2026-01-30T00:20:26","slug":"moj-ucet","status":"publish","type":"page","link":"https:\/\/quant-da.com\/sk\/moj-ucet\/","title":{"rendered":"M\u00f4j \u00fa\u010det"},"content":{"rendered":"","protected":false},"excerpt":{"rendered":"","protected":false},"author":1,"featured_media":0,"parent":0,"menu_order":0,"comment_status":"closed","ping_status":"closed","template":"","meta":{"footnotes":""},"class_list":["post-8505","page","type-page","status-publish","hentry"],"_links":{"self":[{"href":"https:\/\/quant-da.com\/sk\/wp-json\/wp\/v2\/pages\/8505","targetHints":{"allow":["GET"]}}],"collection":[{"href":"https:\/\/quant-da.com\/sk\/wp-json\/wp\/v2\/pages"}],"about":[{"href":"https:\/\/quant-da.com\/sk\/wp-json\/wp\/v2\/types\/page"}],"author":[{"embeddable":true,"href":"https:\/\/quant-da.com\/sk\/wp-json\/wp\/v2\/users\/1"}],"replies":[{"embeddable":true,"href":"https:\/\/quant-da.com\/sk\/wp-json\/wp\/v2\/comments?post=8505"}],"version-history":[{"count":0,"href":"https:\/\/quant-da.com\/sk\/wp-json\/wp\/v2\/pages\/8505\/revisions"}],"wp:attachment":[{"href":"https:\/\/quant-da.com\/sk\/wp-json\/wp\/v2\/media?parent=8505"}],"curies":[{"name":"wp","href":"https:\/\/api.w.org\/{rel}","templated":true}]}}